{"id":2844,"date":"2018-03-06T08:16:16","date_gmt":"2018-03-06T08:16:16","guid":{"rendered":"https:\/\/gaviaspreview.com\/wp\/krowd\/?page_id=2844"},"modified":"2024-08-13T04:09:38","modified_gmt":"2024-08-13T04:09:38","slug":"quienes-somos","status":"publish","type":"page","link":"https:\/\/fedimlat.org\/en\/quienes-somos\/","title":{"rendered":"Who we are"},"content":{"rendered":"<div data-elementor-type=\"wp-post\" data-elementor-id=\"2844\" class=\"elementor elementor-2844\">\n\t\t\t\t\t\t<section class=\"elementor-section elementor-top-section elementor-element elementor-element-0af6a5b elementor-section-boxed elementor-section-height-default elementor-section-height-default\" data-id=\"0af6a5b\" data-element_type=\"section\">\n\t\t\t\t\t\t<div class=\"elementor-container elementor-column-gap-default\">\n\t\t\t\t\t<div class=\"elementor-column elementor-col-100 elementor-top-column elementor-element elementor-element-f8defc7 column-style-top\" data-id=\"f8defc7\" data-element_type=\"column\">\n\t\t\t<div class=\"elementor-widget-wrap elementor-element-populated\">\n\t\t\t\t\t\t<div class=\"elementor-element elementor-element-65cc232 elementor-widget elementor-widget-gva-heading-block\" data-id=\"65cc232\" data-element_type=\"widget\" data-widget_type=\"gva-heading-block.default\">\n\t\t\t\t<div class=\"elementor-widget-container\">\n\t\t\t<div class=\"gva-element-gva-heading-block gva-element\">   <div class=\"align-left style-1 widget gsc-heading box-align-left\">\r\n      <div class=\"content-inner\">\r\n         \r\n                  \r\n                     <div class=\"clearfix\"><div class=\"sub-title highlight-dot\"><span>FEDIMLAT<\/span><\/div><\/div>\r\n           \r\n         \r\n                     <h2 class=\"title\">\r\n               <span>About FEDIMLAT<\/span>\r\n            <\/h2>\r\n                              <div class=\"title-desc\"><p><span style=\"color: #333333;\"><strong>SIC: <\/strong><\/span><span style=\"color: #333333;\">In 2017, the carioca association of muscular dystrophy. <strong>ACADIM<\/strong>based in <strong>Rio de Janeiro, Brazil<\/strong>initiated the organization of the <strong>first Brazilian meeting of Muscular Dystrophy Associations<\/strong> and other organizations that defend the cause in various regions of Brazil.<\/span><\/p><p><span style=\"color: #333333;\"><strong>\u00a0<\/strong><\/span><\/p><p><span style=\"color: #333333;\">The meeting also invited a number of organizations from <strong>South America<\/strong>This revealed the need to create a <strong>non-profit organization<\/strong> representing Latin American civil society organizations. This new organization would focus on <strong>to defend the interests of patients and their families<\/strong>, <strong>to lead public policies<\/strong> e <strong>influence multilateral organizations<\/strong> to ensure access to and guarantee of health care rights for those suffering from Muscular Dystrophy.<\/span><\/p><\/div>\r\n         \r\n         \r\n      <\/div>\r\n   <\/div>\r\n   <div class=\"clearfix\"><\/div>\r\n<\/div>\t\t<\/div>\n\t\t\t\t<\/div>\n\t\t\t\t\t<\/div>\n\t\t<\/div>\n\t\t\t\t\t<\/div>\n\t\t<\/section>\n\t\t\t\t<section class=\"elementor-section elementor-top-section elementor-element elementor-element-0feabc2 elementor-section-boxed elementor-section-height-default elementor-section-height-default\" data-id=\"0feabc2\" data-element_type=\"section\">\n\t\t\t\t\t\t<div class=\"elementor-container elementor-column-gap-default\">\n\t\t\t\t\t<div class=\"elementor-column elementor-col-100 elementor-top-column elementor-element elementor-element-6538b24 bg-col-theme-second\" data-id=\"6538b24\" data-element_type=\"column\" data-settings=\"{&quot;background_background&quot;:&quot;classic&quot;}\">\n\t\t\t<div class=\"elementor-widget-wrap elementor-element-populated\">\n\t\t\t\t\t\t<div class=\"elementor-element elementor-element-07fa1ad elementor-widget elementor-widget-gva-call-to-action\" data-id=\"07fa1ad\" data-element_type=\"widget\" data-widget_type=\"gva-call-to-action.default\">\n\t\t\t\t<div class=\"elementor-widget-container\">\n\t\t\t<div class=\"gva-element-gva-call-to-action gva-element\">\r\n   <div class=\"button-center widget gsc-call-to-action\">\r\n      <div class=\"content-inner clearfix\" >\r\n         <div class=\"cta-content\">\r\n                           <h2 class=\"title\">\r\n                  <span>Want to know more about our support for Muscular Dystrophy in LATAM? <\/span>\r\n               <\/h2>\r\n                                             <\/div>\r\n                     <div class=\"button-action\">\r\n                       <a href=\"https:\/\/fedimlat.org\/en\/blog\/\" class=\"btn-cta btn-black\">\r\n          <span>More Information<\/span>\r\n        <\/a>\r\n\r\n                    <\/div>\r\n               <\/div>\r\n   <\/div>\r\n<\/div>\t\t<\/div>\n\t\t\t\t<\/div>\n\t\t\t\t\t<\/div>\n\t\t<\/div>\n\t\t\t\t\t<\/div>\n\t\t<\/section>\n\t\t\t\t<section class=\"elementor-section elementor-top-section elementor-element elementor-element-05ac7dd elementor-section-boxed elementor-section-height-default elementor-section-height-default\" data-id=\"05ac7dd\" data-element_type=\"section\">\n\t\t\t\t\t\t<div class=\"elementor-container elementor-column-gap-default\">\n\t\t\t\t\t<div class=\"elementor-column elementor-col-100 elementor-top-column elementor-element elementor-element-43ecb6b column-style-top\" data-id=\"43ecb6b\" data-element_type=\"column\">\n\t\t\t<div class=\"elementor-widget-wrap elementor-element-populated\">\n\t\t\t\t\t\t<div class=\"elementor-element elementor-element-e66d5ef elementor-widget elementor-widget-spacer\" data-id=\"e66d5ef\" data-element_type=\"widget\" data-widget_type=\"spacer.default\">\n\t\t\t\t<div class=\"elementor-widget-container\">\n\t\t\t<style>\/*! elementor - v3.23.0 - 05-08-2024 *\/\n.elementor-column .elementor-spacer-inner{height:var(--spacer-size)}.e-con{--container-widget-width:100%}.e-con-inner>.elementor-widget-spacer,.e-con>.elementor-widget-spacer{width:var(--container-widget-width,var(--spacer-size));--align-self:var(--container-widget-align-self,initial);--flex-shrink:0}.e-con-inner>.elementor-widget-spacer>.elementor-widget-container,.e-con>.elementor-widget-spacer>.elementor-widget-container{height:100%;width:100%}.e-con-inner>.elementor-widget-spacer>.elementor-widget-container>.elementor-spacer,.e-con>.elementor-widget-spacer>.elementor-widget-container>.elementor-spacer{height:100%}.e-con-inner>.elementor-widget-spacer>.elementor-widget-container>.elementor-spacer>.elementor-spacer-inner,.e-con>.elementor-widget-spacer>.elementor-widget-container>.elementor-spacer>.elementor-spacer-inner{height:var(--container-widget-height,var(--spacer-size))}.e-con-inner>.elementor-widget-spacer.elementor-widget-empty,.e-con>.elementor-widget-spacer.elementor-widget-empty{position:relative;min-height:22px;min-width:22px}.e-con-inner>.elementor-widget-spacer.elementor-widget-empty .elementor-widget-empty-icon,.e-con>.elementor-widget-spacer.elementor-widget-empty .elementor-widget-empty-icon{position:absolute;top:0;bottom:0;left:0;right:0;margin:auto;padding:0;width:22px;height:22px}<\/style>\t\t<div class=\"elementor-spacer\">\n\t\t\t<div class=\"elementor-spacer-inner\"><\/div>\n\t\t<\/div>\n\t\t\t\t<\/div>\n\t\t\t\t<\/div>\n\t\t\t\t\t<\/div>\n\t\t<\/div>\n\t\t\t\t\t<\/div>\n\t\t<\/section>\n\t\t\t\t<\/div>","protected":false},"excerpt":{"rendered":"<p>FEDIMLAT About FEDIMLAT SIC: In 2017, the Carioca muscular dystrophy association ACADIM, based in Rio de Janeiro, Brazil, initiated the organization of the first Brazilian meeting [...]<\/p>","protected":false},"author":1,"featured_media":0,"parent":0,"menu_order":0,"comment_status":"closed","ping_status":"closed","template":"","meta":{"footnotes":""},"class_list":["post-2844","page","type-page","status-publish","hentry"],"yoast_head":"<!-- This site is optimized with the Yoast SEO plugin v23.6 - https:\/\/yoast.com\/wordpress\/plugins\/seo\/ -->\n<title>Qui\u00e9nes Somos - FEDIMLAT<\/title>\n<meta name=\"robots\" content=\"index, follow, max-snippet:-1, max-image-preview:large, max-video-preview:-1\" \/>\n<link rel=\"canonical\" href=\"https:\/\/fedimlat.org\/en\/quienes-somos\/\" \/>\n<meta property=\"og:locale\" content=\"en_US\" \/>\n<meta property=\"og:type\" content=\"article\" \/>\n<meta property=\"og:title\" content=\"Qui\u00e9nes Somos - FEDIMLAT\" \/>\n<meta property=\"og:description\" content=\"FEDIMLAT Sobre FEDIMLAT SIC: En el a\u00f1o 2017, la asociaci\u00f3n carioca de distrofia muscular ACADIM, con sede en R\u00edo de Janeiro, Brasil, inici\u00f3 la organizaci\u00f3n de la primera reuni\u00f3n brasile\u00f1a [&hellip;]\" \/>\n<meta property=\"og:url\" content=\"https:\/\/fedimlat.org\/en\/quienes-somos\/\" \/>\n<meta property=\"og:site_name\" content=\"FEDIMLAT\" \/>\n<meta property=\"article:modified_time\" content=\"2024-08-13T04:09:38+00:00\" \/>\n<meta name=\"twitter:card\" content=\"summary_large_image\" \/>\n<meta name=\"twitter:label1\" content=\"Est. reading time\" \/>\n\t<meta name=\"twitter:data1\" content=\"1 minute\" \/>\n<script type=\"application\/ld+json\" class=\"yoast-schema-graph\">{\"@context\":\"https:\/\/schema.org\",\"@graph\":[{\"@type\":\"WebPage\",\"@id\":\"https:\/\/fedimlat.org\/quienes-somos\/\",\"url\":\"https:\/\/fedimlat.org\/quienes-somos\/\",\"name\":\"Qui\u00e9nes Somos - FEDIMLAT\",\"isPartOf\":{\"@id\":\"https:\/\/fedimlat.org\/#website\"},\"datePublished\":\"2018-03-06T08:16:16+00:00\",\"dateModified\":\"2024-08-13T04:09:38+00:00\",\"breadcrumb\":{\"@id\":\"https:\/\/fedimlat.org\/quienes-somos\/#breadcrumb\"},\"inLanguage\":\"en-US\",\"potentialAction\":[{\"@type\":\"ReadAction\",\"target\":[\"https:\/\/fedimlat.org\/quienes-somos\/\"]}]},{\"@type\":\"BreadcrumbList\",\"@id\":\"https:\/\/fedimlat.org\/quienes-somos\/#breadcrumb\",\"itemListElement\":[{\"@type\":\"ListItem\",\"position\":1,\"name\":\"Portada\",\"item\":\"https:\/\/fedimlat.org\/\"},{\"@type\":\"ListItem\",\"position\":2,\"name\":\"Qui\u00e9nes Somos\"}]},{\"@type\":\"WebSite\",\"@id\":\"https:\/\/fedimlat.org\/#website\",\"url\":\"https:\/\/fedimlat.org\/\",\"name\":\"FEDIMLAT\",\"description\":\"Federaci\u00f3n Latinoamericana para la Distrofia Muscular\",\"potentialAction\":[{\"@type\":\"SearchAction\",\"target\":{\"@type\":\"EntryPoint\",\"urlTemplate\":\"https:\/\/fedimlat.org\/?s={search_term_string}\"},\"query-input\":{\"@type\":\"PropertyValueSpecification\",\"valueRequired\":true,\"valueName\":\"search_term_string\"}}],\"inLanguage\":\"en-US\"}]}<\/script>\n<!-- \/ Yoast SEO plugin. -->","yoast_head_json":{"title":"Qui\u00e9nes Somos - FEDIMLAT","robots":{"index":"index","follow":"follow","max-snippet":"max-snippet:-1","max-image-preview":"max-image-preview:large","max-video-preview":"max-video-preview:-1"},"canonical":"https:\/\/fedimlat.org\/en\/quienes-somos\/","og_locale":"en_US","og_type":"article","og_title":"Qui\u00e9nes Somos - FEDIMLAT","og_description":"FEDIMLAT Sobre FEDIMLAT SIC: En el a\u00f1o 2017, la asociaci\u00f3n carioca de distrofia muscular ACADIM, con sede en R\u00edo de Janeiro, Brasil, inici\u00f3 la organizaci\u00f3n de la primera reuni\u00f3n brasile\u00f1a [&hellip;]","og_url":"https:\/\/fedimlat.org\/en\/quienes-somos\/","og_site_name":"FEDIMLAT","article_modified_time":"2024-08-13T04:09:38+00:00","twitter_card":"summary_large_image","twitter_misc":{"Est. reading time":"1 minute"},"schema":{"@context":"https:\/\/schema.org","@graph":[{"@type":"WebPage","@id":"https:\/\/fedimlat.org\/quienes-somos\/","url":"https:\/\/fedimlat.org\/quienes-somos\/","name":"Qui\u00e9nes Somos - FEDIMLAT","isPartOf":{"@id":"https:\/\/fedimlat.org\/#website"},"datePublished":"2018-03-06T08:16:16+00:00","dateModified":"2024-08-13T04:09:38+00:00","breadcrumb":{"@id":"https:\/\/fedimlat.org\/quienes-somos\/#breadcrumb"},"inLanguage":"en-US","potentialAction":[{"@type":"ReadAction","target":["https:\/\/fedimlat.org\/quienes-somos\/"]}]},{"@type":"BreadcrumbList","@id":"https:\/\/fedimlat.org\/quienes-somos\/#breadcrumb","itemListElement":[{"@type":"ListItem","position":1,"name":"Portada","item":"https:\/\/fedimlat.org\/"},{"@type":"ListItem","position":2,"name":"Qui\u00e9nes Somos"}]},{"@type":"WebSite","@id":"https:\/\/fedimlat.org\/#website","url":"https:\/\/fedimlat.org\/","name":"FEDIMLAT","description":"Federaci\u00f3n Latinoamericana para la Distrofia Muscular","potentialAction":[{"@type":"SearchAction","target":{"@type":"EntryPoint","urlTemplate":"https:\/\/fedimlat.org\/?s={search_term_string}"},"query-input":{"@type":"PropertyValueSpecification","valueRequired":true,"valueName":"search_term_string"}}],"inLanguage":"en-US"}]}},"wpcf_dashboard":"<div class=\"woocommerce\"><div class=\"woocommerce-info\">Please log in first? <a class=\"wpneoShowLogin\" href=\"#\">Click here to login<\/a><\/div><div class=\"wpneo_login_form_div\" style=\"display: none;\"><form name=\"loginform\" id=\"loginform\" action=\"https:\/\/fedimlat.org\/wp-login.php\" method=\"post\"><p class=\"login-username\">\n\t\t\t\t<label for=\"user_login\">Username or Email Address<\/label>\n\t\t\t\t<input type=\"text\" name=\"log\" id=\"user_login\" autocomplete=\"username\" class=\"input\" value=\"\" size=\"20\" \/>\n\t\t\t<\/p><p class=\"login-password\">\n\t\t\t\t<label for=\"user_pass\">Password<\/label>\n\t\t\t\t<input type=\"password\" name=\"pwd\" id=\"user_pass\" autocomplete=\"current-password\" spellcheck=\"false\" class=\"input\" value=\"\" size=\"20\" \/>\n\t\t\t<\/p><p class=\"login-remember\"><label><input name=\"rememberme\" type=\"checkbox\" id=\"rememberme\" value=\"forever\" \/> Remember Me<\/label><\/p><p class=\"login-submit\">\n\t\t\t\t<input type=\"submit\" name=\"wp-submit\" id=\"wp-submit\" class=\"button button-primary\" value=\"Log In\" \/>\n\t\t\t\t<input type=\"hidden\" name=\"redirect_to\" value=\"https:\/\/fedimlat.org\/en\/wp-json\/wp\/v2\/pages\/2844\" \/>\n\t\t\t<\/p><\/form><\/div><\/div>","_links":{"self":[{"href":"https:\/\/fedimlat.org\/en\/wp-json\/wp\/v2\/pages\/2844","targetHints":{"allow":["GET"]}}],"collection":[{"href":"https:\/\/fedimlat.org\/en\/wp-json\/wp\/v2\/pages"}],"about":[{"href":"https:\/\/fedimlat.org\/en\/wp-json\/wp\/v2\/types\/page"}],"author":[{"embeddable":true,"href":"https:\/\/fedimlat.org\/en\/wp-json\/wp\/v2\/users\/1"}],"replies":[{"embeddable":true,"href":"https:\/\/fedimlat.org\/en\/wp-json\/wp\/v2\/comments?post=2844"}],"version-history":[{"count":48,"href":"https:\/\/fedimlat.org\/en\/wp-json\/wp\/v2\/pages\/2844\/revisions"}],"predecessor-version":[{"id":10175,"href":"https:\/\/fedimlat.org\/en\/wp-json\/wp\/v2\/pages\/2844\/revisions\/10175"}],"wp:attachment":[{"href":"https:\/\/fedimlat.org\/en\/wp-json\/wp\/v2\/media?parent=2844"}],"curies":[{"name":"wp","href":"https:\/\/api.w.org\/{rel}","templated":true}]}}